{"id":1245,"date":"2024-01-29T20:53:16","date_gmt":"2024-01-29T19:53:16","guid":{"rendered":"http:\/\/demos.famethemes.com\/onepress\/?page_id=1245"},"modified":"2024-02-02T08:49:39","modified_gmt":"2024-02-02T07:49:39","slug":"ausbildung","status":"publish","type":"page","link":"https:\/\/www.michalinawojnarowicz.com\/at\/ausbildung\/","title":{"rendered":"Meine Ausbildung"},"content":{"rendered":"\n<div class=\"wp-block-columns are-vertically-aligned-top is-layout-flex wp-container-core-columns-is-layout-1 wp-block-columns-is-layout-flex\">\n<div class=\"wp-block-column is-layout-flow wp-block-column-is-layout-flow\" style=\"flex-basis:70%\">\n<h3 class=\"wp-block-heading has-text-align-left has-text-color\" style=\"color:#000000\">Psychosoziale Beratung  |  Systemische Beratung<\/h3>\n\n\n\n<p class=\"has-black-color has-text-color\">Systemischer, l\u00f6sungsorientierter Ansatz, Burnout Pr\u00e4vention und Unterst\u00fctzung im Umgang mit Stress. Individuelle und Gruppenentwicklungsprozesse. Auf Trauma sensibilisierte Coaching- und Beratungsmethoden (<em>Trauma-Informed-Approach<\/em>).<\/p>\n\n\n\n<ul class=\"wp-block-list\">\n<li><strong>Lebens- und Sozial-Beratung \/ Psychosoziale Beratung<\/strong>; IFGE, Wien ( 5-Semester-Diplom-Lehrgang, Abgeschlossen mit ausgezeichnetem Erfolg);<\/li>\n\n\n\n<li><strong>Upgrade: Sexualberatung und Traumaberatung<\/strong>; IFGE, Wien (2-Semester-Lehrgang; Abgeschlossen mit ausgezeichnetem Erfolg);<\/li>\n\n\n\n<li>Kurs: Sandplay Coaching \u2013 Level 1 und 2; Agnieszka Bloch;<\/li>\n\n\n\n<li>Kurs: Umgang mit Love Scamming; IFGE, Wien;<\/li>\n\n\n\n<li>Workshop: Tiere als Resilienzkonzept in der psychologischen Beratung; IFGE, Wien;<\/li>\n\n\n\n<li>Mastercoaching: Psychologie im Coaching; Micha\u0142 Bloch;<\/li>\n\n\n\n<li>Kurs: Historische und Politische Bildung \u2013 Systemische Arbeit im Kollektiv; IFGE, Wien;<\/li>\n<\/ul>\n<\/div>\n<\/div>\n\n\n\n<hr class=\"wp-block-separator has-alpha-channel-opacity\"\/>\n\n\n\n<div style=\"height:40px\" aria-hidden=\"true\" class=\"wp-block-spacer\"><\/div>\n\n\n\n<div class=\"wp-block-columns are-vertically-aligned-top is-layout-flex wp-container-core-columns-is-layout-2 wp-block-columns-is-layout-flex\">\n<div class=\"wp-block-column is-layout-flow wp-block-column-is-layout-flow\" style=\"flex-basis:70%\">\n<h3 class=\"wp-block-heading has-text-align-left has-text-color\" style=\"color:#000000\">Erwachsenentrainerin | Embodiment<\/h3>\n\n\n\n<p class=\"has-black-color has-text-color\">Workshops, Entwicklungsprozesse, Arbeit mit Denk- und Verhaltensmustern, systemische Arbeit mit dem K\u00f6rper im Kontext der F\u00f6rderung von Resilienz und F\u00e4higkeiten zur Selbstregulierung.<\/p>\n\n\n\n<ul class=\"wp-block-list\">\n<li><strong>Ausbildung in Team- und Gruppencoaching<\/strong>; NOVO;<\/li>\n\n\n\n<li><strong>Erwachsenentrainer<\/strong> <strong>Ausbildung<\/strong> online; NOVO;<\/li>\n\n\n\n<li>Diplomlehrgang: <strong>Klangschalen Practicioner<\/strong>; IFGE, Wien<strong> (in Ausbildung)<\/strong>;<\/li>\n\n\n\n<li><strong>Embodied Toolkit<\/strong> (Embodied Yoga Principles); Embodiment Unlimited, Mark Walsh <strong>(<strong>in Ausbildung<\/strong>)<\/strong>;<\/li>\n\n\n\n<li>Kurs: <strong>Navigieren im Nervensystem<\/strong> mit Deb Dana; Polivagal Instytut;<\/li>\n\n\n\n<li>Einf\u00fchrungsschulungen und Seminare von Sabina Sadecka: Sexual Trauma; Medical Trauma; Arbeit mit dem K\u00f6rper in der Traumatherapie;<\/li>\n\n\n\n<li>Kurs: <strong>Ganzheitlich gesund \u2013 Grundlagen der Psychosomatik<\/strong>; IFGE, Wien;<\/li>\n\n\n\n<li>Kurs: <strong>Wspieranie w Zmianie<\/strong> \u2013 Kurse zur Vorbereitung auf die Arbeit im Bereich Ver\u00e4nderungen, basierend auf dem transtheoretischen Modell der Ver\u00e4nderung und dem dreistufigen Coaching-Prozess; Centrum Zmiany NOWE;<\/li>\n\n\n\n<li>Kurs Fitness Trainer \u2013 Aerobik &amp; Step (Licencja B); Eurofitness School;<\/li>\n\n\n\n<li>Kurs Pilates Basic; Eurofitness School;<\/li>\n\n\n\n<li>Kurs Powerbarbell; Eurofitness School;<\/li>\n\n\n\n<li>Kurs Total Body Conditioning; Eurofitness School;<\/li>\n<\/ul>\n<\/div>\n<\/div>\n\n\n\n<hr class=\"wp-block-separator has-alpha-channel-opacity\"\/>\n\n\n\n<div style=\"height:40px\" aria-hidden=\"true\" class=\"wp-block-spacer\"><\/div>\n\n\n\n<div class=\"wp-block-columns are-vertically-aligned-top is-layout-flex wp-container-core-columns-is-layout-3 wp-block-columns-is-layout-flex\">\n<div class=\"wp-block-column is-layout-flow wp-block-column-is-layout-flow\" style=\"flex-basis:70%\">\n<h3 class=\"wp-block-heading has-text-align-left has-text-color\" style=\"color:#000000\">Business Coaching  |  Job Crafting<\/h3>\n\n\n\n<p class=\"has-black-color has-text-color\">Coaching im unternehmerischen Kontext, coachingbasierte Unterst\u00fctzung f\u00fcr Entrepreneure. Kartierung der Situation, erstmalige Bestimmung der Nische und Unterst\u00fctzung bei der Bew\u00e4ltigung schwieriger Entscheidungen.<\/p>\n\n\n\n<ul class=\"wp-block-list\">\n<li><strong>Business Coaching<\/strong> (Level I); NOVO;<\/li>\n\n\n\n<li>Kurs: <strong>Entrepreneurship Coaching<\/strong> \u2013 Vorbereitung auf die Arbeit mit Unternehmern; Centrum Zmiany NOWE;<\/li>\n\n\n\n<li>Kurs: Wie man ein Unternehmen aufbaut, ohne einen festen Job aufzugeben \u2013 Unternehmerkurs f\u00fcr kleine Unternehmen; Centrum Zmiany NOWE;<\/li>\n<\/ul>\n\n\n\n<h3 class=\"wp-block-heading has-black-color has-text-color\">Studium:<\/h3>\n\n\n\n<ul class=\"wp-block-list\">\n<li><strong>WSB University \u2013 Master of Business Administration \u2013 MBA;<\/strong><\/li>\n\n\n\n<li><strong>Technische Universit\u00e4t Krakau, Maschinenbau \u2013 MSc <\/strong><br>(Fachrichtung KFZ-Mechanik Abgeschlossen mit ausgezeichnetem Erfolg)<strong>;<\/strong><\/li>\n<\/ul>\n<\/div>\n<\/div>\n\n\n\n<hr class=\"wp-block-separator has-alpha-channel-opacity\"\/>\n\n\n\n<div style=\"height:40px\" aria-hidden=\"true\" class=\"wp-block-spacer\"><\/div>\n\n\n\n<div class=\"wp-block-group is-nowrap is-layout-flex wp-container-core-group-is-layout-1 wp-block-group-is-layout-flex\"><\/div>\n","protected":false},"excerpt":{"rendered":"<p>Psychosoziale Beratung | Systemische Beratung Systemischer, l\u00f6sungsorientierter Ansatz, Burnout Pr\u00e4vention und Unterst\u00fctzung im Umgang mit Stress. Individuelle und Gruppenentwicklungsprozesse. Auf Trauma sensibilisierte Coaching- und Beratungsmethoden (Trauma-Informed-Approach). Erwachsenentrainerin | Embodiment Workshops, &#8230;<\/p>\n","protected":false},"author":3,"featured_media":0,"parent":0,"menu_order":0,"comment_status":"closed","ping_status":"closed","template":"","meta":{"footnotes":""},"class_list":["post-1245","page","type-page","status-publish","hentry"],"aioseo_notices":[],"_links":{"self":[{"href":"https:\/\/www.michalinawojnarowicz.com\/at\/wp-json\/wp\/v2\/pages\/1245","targetHints":{"allow":["GET"]}}],"collection":[{"href":"https:\/\/www.michalinawojnarowicz.com\/at\/wp-json\/wp\/v2\/pages"}],"about":[{"href":"https:\/\/www.michalinawojnarowicz.com\/at\/wp-json\/wp\/v2\/types\/page"}],"author":[{"embeddable":true,"href":"https:\/\/www.michalinawojnarowicz.com\/at\/wp-json\/wp\/v2\/users\/3"}],"replies":[{"embeddable":true,"href":"https:\/\/www.michalinawojnarowicz.com\/at\/wp-json\/wp\/v2\/comments?post=1245"}],"version-history":[{"count":38,"href":"https:\/\/www.michalinawojnarowicz.com\/at\/wp-json\/wp\/v2\/pages\/1245\/revisions"}],"predecessor-version":[{"id":2440,"href":"https:\/\/www.michalinawojnarowicz.com\/at\/wp-json\/wp\/v2\/pages\/1245\/revisions\/2440"}],"wp:attachment":[{"href":"https:\/\/www.michalinawojnarowicz.com\/at\/wp-json\/wp\/v2\/media?parent=1245"}],"curies":[{"name":"wp","href":"https:\/\/api.w.org\/{rel}","templated":true}]}}